{"id":2036,"date":"2015-09-28T08:05:42","date_gmt":"2015-09-28T08:05:42","guid":{"rendered":"http:\/\/www.coingra.pt\/en\/home-printing\/"},"modified":"2021-02-25T10:24:23","modified_gmt":"2021-02-25T10:24:23","slug":"home-printing","status":"publish","type":"page","link":"https:\/\/www.coingra.pt\/en\/","title":{"rendered":"Home"},"content":{"rendered":"<p>[vc_row][vc_column][rev_slider_vc alias=&#8221;homeeng&#8221;][\/vc_column][\/vc_row][vc_row css=&#8221;.vc_custom_1443427684203{margin-top: -20px !important;}&#8221;][vc_column]            <div class=\"noo-customform \" >\n                <div class=\"noo-container\">\n                                            <div class=\"book-form\">\n                            <div class=\"book-content-style2\">\n                                <h2 class=\"book-title\"><\/h2>\n                                <div role=\"form\" class=\"wpcf7\" id=\"wpcf7-f2051-o1\" lang=\"en-US\" dir=\"ltr\">\n<div class=\"screen-reader-response\"><p role=\"status\" aria-live=\"polite\" aria-atomic=\"true\"><\/p> <ul><\/ul><\/div>\n<form action=\"\/en\/wp-json\/wp\/v2\/pages\/2036#wpcf7-f2051-o1\" method=\"post\" class=\"wpcf7-form init\" novalidate=\"novalidate\" data-status=\"init\">\n<div style=\"display: none;\">\n<input type=\"hidden\" name=\"_wpcf7\" value=\"2051\" \/>\n<input type=\"hidden\" name=\"_wpcf7_version\" value=\"5.3.2\" \/>\n<input type=\"hidden\" name=\"_wpcf7_locale\" value=\"en_US\" \/>\n<input type=\"hidden\" name=\"_wpcf7_unit_tag\" value=\"wpcf7-f2051-o1\" \/>\n<input type=\"hidden\" name=\"_wpcf7_container_post\" value=\"0\" \/>\n<input type=\"hidden\" name=\"_wpcf7_posted_data_hash\" value=\"\" \/>\n<\/div>\n<div class=\"noo-form\">\n<div class=\"noo-row\">\n<div class=\"noo-md-4\">\n<span class=\"wpcf7-form-control-wrap nome\"><input type=\"text\" name=\"nome\" value=\"\" size=\"40\" class=\"wpcf7-form-control wpcf7-text wpcf7-validates-as-required\" aria-required=\"true\" aria-invalid=\"false\" placeholder=\"Name\" \/><\/span><br \/>\n<span class=\"wpcf7-form-control-wrap produto\"><input type=\"text\" name=\"produto\" value=\"\" size=\"40\" class=\"wpcf7-form-control wpcf7-text wpcf7-validates-as-required\" aria-required=\"true\" aria-invalid=\"false\" placeholder=\"Product\" \/><\/span>\n<\/div>\n<div class=\"noo-md-4\">\n<span class=\"wpcf7-form-control-wrap email\"><input type=\"email\" name=\"email\" value=\"\" size=\"40\" class=\"wpcf7-form-control wpcf7-text wpcf7-email wpcf7-validates-as-required wpcf7-validates-as-email\" aria-required=\"true\" aria-invalid=\"false\" placeholder=\"Email\" \/><\/span><br \/>\n<span class=\"wpcf7-form-control-wrap quantidade\"><input type=\"text\" name=\"quantidade\" value=\"\" size=\"40\" class=\"wpcf7-form-control wpcf7-text wpcf7-validates-as-required\" aria-required=\"true\" aria-invalid=\"false\" placeholder=\"Quantity\" \/><\/span>\n<\/div>\n<div class=\"noo-md-4\">\n<span class=\"wpcf7-form-control-wrap contacto\"><input type=\"tel\" name=\"contacto\" value=\"\" size=\"40\" class=\"wpcf7-form-control wpcf7-text wpcf7-tel wpcf7-validates-as-required wpcf7-validates-as-tel\" aria-required=\"true\" aria-invalid=\"false\" placeholder=\"Contact\" \/><\/span><br \/>\n<span class=\"wpcf7-form-control-wrap caracteristicas\"><textarea name=\"caracteristicas\" cols=\"40\" rows=\"10\" class=\"wpcf7-form-control wpcf7-textarea\" aria-invalid=\"false\" placeholder=\"Features\"><\/textarea><\/span>\n<\/div>\n<\/div>\n<div class=\"book-form-submit\"><input type=\"submit\" value=\"Send\" class=\"wpcf7-form-control wpcf7-submit\" \/><\/div>\n<\/div>\n<div class=\"wpcf7-response-output\" aria-hidden=\"true\"><\/div><\/form><\/div>                            <\/div>\n                        <\/div>\n                                    <\/div>\n            <\/div>\n            <script>\n                jQuery(document).ready(function(){\n                    jQuery('#noo_timepicker').timepicker( {\n                        showAnim: 'blind'\n                    } );\n                    jQuery( \"#noo_datepicker\" ).datepicker();\n                });\n            <\/script>\n            [\/vc_column][\/vc_row][vc_row css=&#8221;.vc_custom_1503488635508{background-color: #3b3888 !important;}&#8221;][vc_column]            <section class=\"your-money noo-bg-color yourmoney-one\" >\n                                <div class=\"noo-container\">\n\n                                            <div class=\"money-icon\">\n                            <span>\n                                <img width=\"87\" height=\"83\" src=\"https:\/\/www.coingra.pt\/wp-content\/uploads\/2015\/08\/man335_xl.png\" class=\"attachment-thumbnail size-thumbnail\" alt=\"\" loading=\"lazy\" \/>                            <\/span>\n                        <\/div>\n                                        <div class=\"money-content\">\n                        <h3 class=\"money-title\">About Us<\/h3>\n                        <div class=\"money-entry-content\">\n                            <p><span style=\"color: #ffffff;\">A Coingra \u2013 Companhia Gr\u00e1fica dos A\u00e7ores, Lda. \u2013 Existe desde 1992 com capital 100%<br \/>\nprivado. Esta empresa desempenha, sobretudo, um forte impacto na Regi\u00e3o dos A\u00e7ores,<br \/>\nestando, todavia, tamb\u00e9m vocacionada para o mercado nacional.\u00a0<\/span><\/p>\n                        <\/div>\n                                                    <a class=\"noo-button\" href=\"\/coingra\/en\/about-us\">See more<\/a>\n                                            <\/div>\n\n                <\/div>\n                \n            <\/section>\n        [\/vc_column][\/vc_row][vc_row container_width=&#8221;yes&#8221; css=&#8221;.vc_custom_1443768606356{padding-top: 85px !important;padding-bottom: 75px !important;}&#8221; el_class=&#8221;responsive_50x&#8221;][vc_column width=&#8221;1\/3&#8243; css=&#8221;.vc_custom_1503567054328{padding-top: 30px !important;}&#8221; el_class=&#8221;home_servico&#8221;]        <div class=\"title-left\">\n        <h2 class=\"noo-title \">\n            <span class=\"noo-title-number\">\n                            <\/span>\n            <strong>Our services<\/strong>\n        <\/h2>\n        <\/div>\n        [vc_column_text css_animation=&#8221;none&#8221; css=&#8221;.vc_custom_1503508407165{padding-top: 18px !important;padding-right: 18px !important;padding-bottom: 18px !important;padding-left: 18px !important;}&#8221;]O tipo de servi\u00e7o que presta e o mercado no qual est\u00e1 inserida exigem da Coingra,Lda. um esfor\u00e7o cont\u00ednuo, no que diz respeito \u00e0 satisfa\u00e7\u00e3o das necessidades dos seus clientes em dois aspetos fundamentais: a conformidade do produto final e o cumprimento dos prazos de entrega. Para isso, esta empresa aposta no desenvolvimentos da sua tecnologia de impress\u00e3o. acompanhada de adequada forma\u00e7\u00e3o dos seus funcion\u00e1rios. A partir de 2013, a Coingra apostou, tamb\u00e9m, no desenvolvimento digital e, neste momento, faz diversos trabalhos de impress\u00e3o digital. Esse incessante desenvolvimento tem como objetivo proporcionar aos clientes umagama de produtos e servi\u00e7os que permitam \u00e0 Coingra, Lda., continuar a ocupar o seu posicionamento de sucesso onde est\u00e1 inserida.[\/vc_column_text]        <a class=\"noo-sh-button \" href=\"http:\/\/www.coingra.pt\/portfolio\">\n            <span>Ver todos <\/span>\n                            <i class=\"fa fa-long-arrow-right\"><\/i>\n                    <\/a>\n        [\/vc_column][vc_column width=&#8221;2\/3&#8243;]                        <ul class=\"services-slider noo-row\">\n                                        <li class=\"noo-md-4 noo-sm-6 noo-xs-6 column-services column-small\">\n\n                            <div class=\"services-item\">\n                                <a class=\"services-link\" href=\"https:\/\/www.coingra.pt\/en\/services\/cartao-de-visita-let-it-be-bar-restaurante\/\">&#32;<\/a>\n                                <div class=\"inner120\">\n                                    <div class=\"inner120\">\n                                        <div  class=\"services-background\" style=\"background-image: url('https:\/\/www.coingra.pt\/wp-content\/uploads\/2017\/10\/Let-it-be-1.jpg')\">\n                                            <div class=\"services-content\">\n                                                <div class=\"inner120\">\n                                                    <div class=\"inner120\">\n                                                        <div class=\"services-entry\">\n                                                            <strong><\/strong>\n                                                                                                                        <p>Bussiness Card: Let It Be Bar Restaurante<\/p>\n                                                                                                                    <\/div>\n                                                    <\/div>\n                                                <\/div>\n                                            <\/div>\n                                        <\/div><!--end service background image-->\n                                    <\/div>\n                                <\/div>\n                            <\/div><!--end .services-item-->\n\n                                                            <h3 class=\"services-title\"><a href=\"https:\/\/www.coingra.pt\/en\/services\/cartao-de-visita-let-it-be-bar-restaurante\/\">Bussiness Card: Let It Be Bar Restaurante<\/a><\/h3>\n                                                    <\/li>\n                                            <li class=\"noo-md-4 noo-sm-6 noo-xs-6 column-services column-small\">\n\n                            <div class=\"services-item\">\n                                <a class=\"services-link\" href=\"https:\/\/www.coingra.pt\/en\/services\/cartao-de-visita-led-visiom\/\">&#32;<\/a>\n                                <div class=\"inner120\">\n                                    <div class=\"inner120\">\n                                        <div  class=\"services-background\" style=\"background-image: url('https:\/\/www.coingra.pt\/wp-content\/uploads\/2017\/10\/0001-Led-Vision.jpg')\">\n                                            <div class=\"services-content\">\n                                                <div class=\"inner120\">\n                                                    <div class=\"inner120\">\n                                                        <div class=\"services-entry\">\n                                                            <strong><\/strong>\n                                                                                                                        <p>Business Card: Led Visiom<\/p>\n                                                                                                                    <\/div>\n                                                    <\/div>\n                                                <\/div>\n                                            <\/div>\n                                        <\/div><!--end service background image-->\n                                    <\/div>\n                                <\/div>\n                            <\/div><!--end .services-item-->\n\n                                                            <h3 class=\"services-title\"><a href=\"https:\/\/www.coingra.pt\/en\/services\/cartao-de-visita-led-visiom\/\">Business Card: Led Visiom<\/a><\/h3>\n                                                    <\/li>\n                                            <li class=\"noo-md-4 noo-sm-6 noo-xs-6 column-services column-small\">\n\n                            <div class=\"services-item\">\n                                <a class=\"services-link\" href=\"https:\/\/www.coingra.pt\/en\/services\/cartao-de-visita-irmas-hospitaleiras\/\">&#32;<\/a>\n                                <div class=\"inner120\">\n                                    <div class=\"inner120\">\n                                        <div  class=\"services-background\" style=\"background-image: url('https:\/\/www.coingra.pt\/wp-content\/uploads\/2017\/10\/0001-3.jpg')\">\n                                            <div class=\"services-content\">\n                                                <div class=\"inner120\">\n                                                    <div class=\"inner120\">\n                                                        <div class=\"services-entry\">\n                                                            <strong><\/strong>\n                                                                                                                        <p>Bussiness Card: Irm\u00e3s Hospitaleiras<\/p>\n                                                                                                                    <\/div>\n                                                    <\/div>\n                                                <\/div>\n                                            <\/div>\n                                        <\/div><!--end service background image-->\n                                    <\/div>\n                                <\/div>\n                            <\/div><!--end .services-item-->\n\n                                                            <h3 class=\"services-title\"><a href=\"https:\/\/www.coingra.pt\/en\/services\/cartao-de-visita-irmas-hospitaleiras\/\">Bussiness Card: Irm\u00e3s Hospitaleiras<\/a><\/h3>\n                                                    <\/li>\n                                            <li class=\"noo-md-4 noo-sm-6 noo-xs-6 column-services column-small\">\n\n                            <div class=\"services-item\">\n                                <a class=\"services-link\" href=\"https:\/\/www.coingra.pt\/en\/services\/cartao-de-visita-mariano-brum-gouveia\/\">&#32;<\/a>\n                                <div class=\"inner120\">\n                                    <div class=\"inner120\">\n                                        <div  class=\"services-background\" style=\"background-image: url('https:\/\/www.coingra.pt\/wp-content\/uploads\/2017\/10\/0001-2.jpg')\">\n                                            <div class=\"services-content\">\n                                                <div class=\"inner120\">\n                                                    <div class=\"inner120\">\n                                                        <div class=\"services-entry\">\n                                                            <strong><\/strong>\n                                                                                                                        <p>Business Card: Mariano Brum Gouveia<\/p>\n                                                                                                                    <\/div>\n                                                    <\/div>\n                                                <\/div>\n                                            <\/div>\n                                        <\/div><!--end service background image-->\n                                    <\/div>\n                                <\/div>\n                            <\/div><!--end .services-item-->\n\n                                                            <h3 class=\"services-title\"><a href=\"https:\/\/www.coingra.pt\/en\/services\/cartao-de-visita-mariano-brum-gouveia\/\">Business Card: Mariano Brum Gouveia<\/a><\/h3>\n                                                    <\/li>\n                                            <li class=\"noo-md-4 noo-sm-6 noo-xs-6 column-services column-small\">\n\n                            <div class=\"services-item\">\n                                <a class=\"services-link\" href=\"https:\/\/www.coingra.pt\/en\/services\/rotulo-queijo-s-jorge\/\">&#32;<\/a>\n                                <div class=\"inner120\">\n                                    <div class=\"inner120\">\n                                        <div  class=\"services-background\" style=\"background-image: url('https:\/\/www.coingra.pt\/wp-content\/uploads\/2017\/10\/Queijo-SJorge-DOP.jpg')\">\n                                            <div class=\"services-content\">\n                                                <div class=\"inner120\">\n                                                    <div class=\"inner120\">\n                                                        <div class=\"services-entry\">\n                                                            <strong><\/strong>\n                                                                                                                        <p>Label: Queijo S. Jorge<\/p>\n                                                                                                                    <\/div>\n                                                    <\/div>\n                                                <\/div>\n                                            <\/div>\n                                        <\/div><!--end service background image-->\n                                    <\/div>\n                                <\/div>\n                            <\/div><!--end .services-item-->\n\n                                                            <h3 class=\"services-title\"><a href=\"https:\/\/www.coingra.pt\/en\/services\/rotulo-queijo-s-jorge\/\">Label: Queijo S. Jorge<\/a><\/h3>\n                                                    <\/li>\n                                            <li class=\"noo-md-4 noo-sm-6 noo-xs-6 column-services column-small\">\n\n                            <div class=\"services-item\">\n                                <a class=\"services-link\" href=\"https:\/\/www.coingra.pt\/en\/services\/rotulo-queijos\/\">&#32;<\/a>\n                                <div class=\"inner120\">\n                                    <div class=\"inner120\">\n                                        <div  class=\"services-background\" style=\"background-image: url('https:\/\/www.coingra.pt\/wp-content\/uploads\/2017\/10\/Valformoso.jpg')\">\n                                            <div class=\"services-content\">\n                                                <div class=\"inner120\">\n                                                    <div class=\"inner120\">\n                                                        <div class=\"services-entry\">\n                                                            <strong><\/strong>\n                                                                                                                        <p>Labels: Queijos<\/p>\n                                                                                                                    <\/div>\n                                                    <\/div>\n                                                <\/div>\n                                            <\/div>\n                                        <\/div><!--end service background image-->\n                                    <\/div>\n                                <\/div>\n                            <\/div><!--end .services-item-->\n\n                                                            <h3 class=\"services-title\"><a href=\"https:\/\/www.coingra.pt\/en\/services\/rotulo-queijos\/\">Labels: Queijos<\/a><\/h3>\n                                                    <\/li>\n                                <\/ul>\n                        [\/vc_column][\/vc_row][vc_row][vc_column][vc_column_text]                            <div class=\"noo-newsltter noo-bg-color\"  style=\"background-image: url('https:\/\/www.coingra.pt\/wp-content\/uploads\/2015\/09\/bg_subscribe.png')\" >\n                   <div class=\"noo-container\">                        <div class=\"noo-row\">\n                            <div class=\"noo-md-4\">\n                                <h3 class=\"title-newsltter\">newsletter<\/h3>\n                                <p class=\"subscribe-text\">SUBSCRIBE TO OUR NEWSLETTER<\/p>\n                            <\/div>\n                            <div class=\"noo-md-8\">\n                              <form class=\"noo-newsltter-form\" action=\"https:\/\/coingra.ipzmarketing.com\/f\/0OEHAxP6BS4\" enctype=\"application\/x-www-form-urlencoded\" method=\"post\">\n\n                                       <input name=\"subscriber[name]\" id=\"name\" class=\"mc-email noo-md-8\" style=\"margin-bottom:8px;\" type=\"text\" value=\"\" placeholder=\"Enter your name here\"><\/dd>\n\n                                       <input name=\"subscriber[email]\" id=\"email\" class=\"mc-email noo-md-8\" type=\"text\" value=\"\"  placeholder=\"Enter your email here\"><\/dd>\n\n                                       <label>\n                                       <input name=\"groups[]\" id=\"groups-1\" checked type=\"checkbox\" value=\"1\">default<\/label>\n\n                                       <button name=\"submit\" id=\"submit\" type=\"submit\" style=\" margin-top:28px\" >subscribe<\/button>\n\n                                      <\/form>\n\n\n                            <\/div>\n                        <\/div>\n                    <\/div>                <\/div>\n                        [\/vc_column_text][\/vc_column][\/vc_row]<\/p>\n","protected":false},"excerpt":{"rendered":"<p>[vc_row][vc_column][rev_slider_vc alias=&#8221;homeeng&#8221;][\/vc_column][\/vc_row][vc_row css=&#8221;.vc_custom_1443427684203{margin-top: -20px !important;}&#8221;][vc_column][\/vc_column][\/vc_row][vc_row css=&#8221;.vc_custom_1503488635508{background-color: #3b3888 !important;}&#8221;][vc_column][\/vc_column][\/vc_row][vc_row container_width=&#8221;yes&#8221; css=&#8221;.vc_custom_1443768606356{padding-top: 85px !important;padding-bottom: 75px !important;}&#8221; el_class=&#8221;responsive_50x&#8221;][vc_column width=&#8221;1\/3&#8243; css=&#8221;.vc_custom_1503567054328{padding-top: 30px !important;}&#8221; el_class=&#8221;home_servico&#8221;][vc_column_text css_animation=&#8221;none&#8221; css=&#8221;.vc_custom_1503508407165{padding-top: 18px !important;padding-right: 18px !important;padding-bottom: 18px !important;padding-left: 18px !important;}&#8221;]O tipo de servi\u00e7o que presta e o mercado no qual est\u00e1 inserida exigem da Coingra,Lda. um esfor\u00e7o cont\u00ednuo, no que diz respeito \u00e0 satisfa\u00e7\u00e3o das necessidades dos seus clientes em<\/p>\n","protected":false},"author":1,"featured_media":0,"parent":0,"menu_order":0,"comment_status":"closed","ping_status":"closed","template":"page-full-width.php","meta":[],"yoast_head":"<!-- This site is optimized with the Yoast SEO plugin v15.9 - https:\/\/yoast.com\/wordpress\/plugins\/seo\/ -->\n<title>Printing Company - Coingra Companhia Gr\u00e1fica dos A\u00e7ores, S. Miguel Quality Printing Company in S. Miguel Azores<\/title>\n<meta name=\"description\" content=\"Printing Company: Coingra- Companhia Gr\u00e1fica dos A\u00e7ores: printing in the most varied formats with quality assurance in S. Miguel, Azores.\" \/>\n<meta name=\"robots\" content=\"index, follow, max-snippet:-1, max-image-preview:large, max-video-preview:-1\" \/>\n<link rel=\"canonical\" href=\"https:\/\/www.coingra.pt\/en\/\" \/>\n<meta property=\"og:locale\" content=\"en_US\" \/>\n<meta property=\"og:type\" content=\"article\" \/>\n<meta property=\"og:title\" content=\"Printing Company - Coingra Companhia Gr\u00e1fica dos A\u00e7ores, S. Miguel Quality Printing Company in S. Miguel Azores\" \/>\n<meta property=\"og:description\" content=\"Printing Company: Coingra- Companhia Gr\u00e1fica dos A\u00e7ores: printing in the most varied formats with quality assurance in S. Miguel, Azores.\" \/>\n<meta property=\"og:url\" content=\"https:\/\/www.coingra.pt\/en\/\" \/>\n<meta property=\"og:site_name\" content=\"Coingra Companhia Gr\u00e1fica dos A\u00e7ores, S. Miguel\" \/>\n<meta property=\"article:modified_time\" content=\"2021-02-25T10:24:23+00:00\" \/>\n<meta name=\"twitter:card\" content=\"summary_large_image\" \/>\n<meta name=\"twitter:label1\" content=\"Est. reading time\">\n\t<meta name=\"twitter:data1\" content=\"2 minutes\">\n<script type=\"application\/ld+json\" class=\"yoast-schema-graph\">{\"@context\":\"https:\/\/schema.org\",\"@graph\":[{\"@type\":\"WebSite\",\"@id\":\"https:\/\/www.coingra.pt\/#website\",\"url\":\"https:\/\/www.coingra.pt\/\",\"name\":\"Coingra Companhia Gr\\u00e1fica dos A\\u00e7ores, S. Miguel\",\"description\":\"Graphic Company of Azores\",\"potentialAction\":[{\"@type\":\"SearchAction\",\"target\":\"https:\/\/www.coingra.pt\/?s={search_term_string}\",\"query-input\":\"required name=search_term_string\"}],\"inLanguage\":\"en-US\"},{\"@type\":\"WebPage\",\"@id\":\"https:\/\/www.coingra.pt\/en\/#webpage\",\"url\":\"https:\/\/www.coingra.pt\/en\/\",\"name\":\"Printing Company - Coingra Companhia Gr\\u00e1fica dos A\\u00e7ores, S. Miguel Quality Printing Company in S. Miguel Azores\",\"isPartOf\":{\"@id\":\"https:\/\/www.coingra.pt\/#website\"},\"datePublished\":\"2015-09-28T08:05:42+00:00\",\"dateModified\":\"2021-02-25T10:24:23+00:00\",\"description\":\"Printing Company: Coingra- Companhia Gr\\u00e1fica dos A\\u00e7ores: printing in the most varied formats with quality assurance in S. Miguel, Azores.\",\"breadcrumb\":{\"@id\":\"https:\/\/www.coingra.pt\/en\/#breadcrumb\"},\"inLanguage\":\"en-US\",\"potentialAction\":[{\"@type\":\"ReadAction\",\"target\":[\"https:\/\/www.coingra.pt\/en\/\"]}]},{\"@type\":\"BreadcrumbList\",\"@id\":\"https:\/\/www.coingra.pt\/en\/#breadcrumb\",\"itemListElement\":[{\"@type\":\"ListItem\",\"position\":1,\"item\":{\"@type\":\"WebPage\",\"@id\":\"https:\/\/www.coingra.pt\/en\/\",\"url\":\"https:\/\/www.coingra.pt\/en\/\",\"name\":\"In\\u00edcio\"}},{\"@type\":\"ListItem\",\"position\":2,\"item\":{\"@type\":\"WebPage\",\"@id\":\"https:\/\/www.coingra.pt\/en\/\",\"url\":\"https:\/\/www.coingra.pt\/en\/\",\"name\":\"Home\"}}]}]}<\/script>\n<!-- \/ Yoast SEO plugin. -->","_links":{"self":[{"href":"https:\/\/www.coingra.pt\/en\/wp-json\/wp\/v2\/pages\/2036"}],"collection":[{"href":"https:\/\/www.coingra.pt\/en\/wp-json\/wp\/v2\/pages"}],"about":[{"href":"https:\/\/www.coingra.pt\/en\/wp-json\/wp\/v2\/types\/page"}],"author":[{"embeddable":true,"href":"https:\/\/www.coingra.pt\/en\/wp-json\/wp\/v2\/users\/1"}],"replies":[{"embeddable":true,"href":"https:\/\/www.coingra.pt\/en\/wp-json\/wp\/v2\/comments?post=2036"}],"version-history":[{"count":9,"href":"https:\/\/www.coingra.pt\/en\/wp-json\/wp\/v2\/pages\/2036\/revisions"}],"predecessor-version":[{"id":2653,"href":"https:\/\/www.coingra.pt\/en\/wp-json\/wp\/v2\/pages\/2036\/revisions\/2653"}],"wp:attachment":[{"href":"https:\/\/www.coingra.pt\/en\/wp-json\/wp\/v2\/media?parent=2036"}],"curies":[{"name":"wp","href":"https:\/\/api.w.org\/{rel}","templated":true}]}}